{"id":8,"date":"2020-10-07T04:59:43","date_gmt":"2020-10-07T04:59:43","guid":{"rendered":"https:\/\/demo.hashthemes.com\/total\/law\/?page_id=8"},"modified":"2026-03-26T09:34:32","modified_gmt":"2026-03-26T07:34:32","slug":"villi-vyohyke","status":"publish","type":"page","link":"https:\/\/www.villivyohyke.fi\/en\/","title":{"rendered":"Wild zone"},"content":{"rendered":"\t\t<div data-elementor-type=\"wp-page\" data-elementor-id=\"8\" class=\"elementor elementor-8\">\n\t\t\t\t\t\t<section class=\"elementor-section elementor-top-section elementor-element elementor-element-3a8f734 elementor-section-height-full elementor-section-content-middle elementor-section-boxed elementor-section-height-default elementor-section-items-middle\" data-id=\"3a8f734\" data-element_type=\"section\" data-e-type=\"section\" data-settings=\"{&quot;background_background&quot;:&quot;slideshow&quot;,&quot;background_slideshow_gallery&quot;:[{&quot;id&quot;:1082,&quot;url&quot;:&quot;https:\\\/\\\/www.villivyohyke.fi\\\/wp-content\\\/uploads\\\/2023\\\/12\\\/Banneri_001_Pieni-tiedosto.jpg&quot;},{&quot;id&quot;:2778,&quot;url&quot;:&quot;https:\\\/\\\/www.villivyohyke.fi\\\/wp-content\\\/uploads\\\/2024\\\/03\\\/Woodhenge5_Lofi2-1024x576-1.jpg&quot;},{&quot;id&quot;:3705,&quot;url&quot;:&quot;https:\\\/\\\/www.villivyohyke.fi\\\/wp-content\\\/uploads\\\/2024\\\/04\\\/RudusNoro_573Pieni_1108Lofi-scaled-1.jpg&quot;},{&quot;id&quot;:1252,&quot;url&quot;:&quot;https:\\\/\\\/www.villivyohyke.fi\\\/wp-content\\\/uploads\\\/2024\\\/01\\\/VuoresLauhaAhde26062023_137Pieni-tiedosto-2-scaled.jpg&quot;},{&quot;id&quot;:3224,&quot;url&quot;:&quot;https:\\\/\\\/www.villivyohyke.fi\\\/wp-content\\\/uploads\\\/2024\\\/03\\\/Myllysaari2019_01Lofi_Nettiin-scaled.jpg&quot;},{&quot;id&quot;:3486,&quot;url&quot;:&quot;https:\\\/\\\/www.villivyohyke.fi\\\/wp-content\\\/uploads\\\/2024\\\/03\\\/Vaasantie2021_820Lofi-_1115Lofi-scaled-1.jpg&quot;},{&quot;id&quot;:3442,&quot;url&quot;:&quot;https:\\\/\\\/www.villivyohyke.fi\\\/wp-content\\\/uploads\\\/2024\\\/03\\\/Mustametsa001LOFI-NETTIIN_03-scaled.jpg&quot;}],&quot;background_slideshow_lazyload&quot;:&quot;yes&quot;,&quot;background_slideshow_loop&quot;:&quot;yes&quot;,&quot;background_slideshow_slide_duration&quot;:5000,&quot;background_slideshow_slide_transition&quot;:&quot;fade&quot;,&quot;background_slideshow_transition_duration&quot;:500}\">\n\t\t\t\t\t\t\t<div class=\"elementor-background-overlay\"><\/div>\n\t\t\t\t\t\t\t<div class=\"elementor-container elementor-column-gap-default\">\n\t\t\t\t\t<div class=\"elementor-column elementor-col-50 elementor-top-column elementor-element elementor-element-265e23e\" data-id=\"265e23e\" data-element_type=\"column\" data-e-type=\"column\">\n\t\t\t<div class=\"elementor-widget-wrap elementor-element-populated\">\n\t\t\t\t\t\t<div class=\"elementor-element elementor-element-0825dd7 elementor-widget elementor-widget-image\" data-id=\"0825dd7\" data-element_type=\"widget\" data-e-type=\"widget\" data-widget_type=\"image.default\">\n\t\t\t\t<div class=\"elementor-widget-container\">\n\t\t\t\t\t\t\t\t\t\t\t\t\t\t\t<img fetchpriority=\"high\" decoding=\"async\" width=\"640\" height=\"93\" src=\"https:\/\/www.villivyohyke.fi\/wp-content\/uploads\/2024\/02\/VV-logo-valkoinen-1024x148.png\" class=\"attachment-large size-large wp-image-2031\" alt=\"Villi vy\u00f6hyke -tekstilogo (valkoinen)\" srcset=\"https:\/\/www.villivyohyke.fi\/wp-content\/uploads\/2024\/02\/VV-logo-valkoinen-1024x148.png 1024w, https:\/\/www.villivyohyke.fi\/wp-content\/uploads\/2024\/02\/VV-logo-valkoinen-300x43.png 300w, https:\/\/www.villivyohyke.fi\/wp-content\/uploads\/2024\/02\/VV-logo-valkoinen-768x111.png 768w, https:\/\/www.villivyohyke.fi\/wp-content\/uploads\/2024\/02\/VV-logo-valkoinen-1536x222.png 1536w, https:\/\/www.villivyohyke.fi\/wp-content\/uploads\/2024\/02\/VV-logo-valkoinen-18x3.png 18w, https:\/\/www.villivyohyke.fi\/wp-content\/uploads\/2024\/02\/VV-logo-valkoinen.png 1923w\" sizes=\"(max-width: 640px) 100vw, 640px\" \/>\t\t\t\t\t\t\t\t\t\t\t\t\t\t\t<\/div>\n\t\t\t\t<\/div>\n\t\t\t\t<div class=\"elementor-element elementor-element-35e85bc elementor-hidden-mobile elementor-widget elementor-widget-heading\" data-id=\"35e85bc\" data-element_type=\"widget\" data-e-type=\"widget\" data-widget_type=\"heading.default\">\n\t\t\t\t<div class=\"elementor-widget-container\">\n\t\t\t\t\t<h3 class=\"elementor-heading-title elementor-size-default\">luonnonsuojeluyhdistys<\/h3>\t\t\t\t<\/div>\n\t\t\t\t<\/div>\n\t\t\t\t\t<\/div>\n\t\t<\/div>\n\t\t\t\t<div class=\"elementor-column elementor-col-50 elementor-top-column elementor-element elementor-element-ec6aeee\" data-id=\"ec6aeee\" data-element_type=\"column\" data-e-type=\"column\">\n\t\t\t<div class=\"elementor-widget-wrap\">\n\t\t\t\t\t\t\t<\/div>\n\t\t<\/div>\n\t\t\t\t\t<\/div>\n\t\t<\/section>\n\t\t\t\t<section class=\"elementor-section elementor-top-section elementor-element elementor-element-f9b03d4 elementor-section-boxed elementor-section-height-default elementor-section-height-default\" data-id=\"f9b03d4\" data-element_type=\"section\" data-e-type=\"section\">\n\t\t\t\t\t\t<div class=\"elementor-container elementor-column-gap-default\">\n\t\t\t\t\t<div class=\"elementor-column elementor-col-100 elementor-top-column elementor-element elementor-element-a967963\" data-id=\"a967963\" data-element_type=\"column\" data-e-type=\"column\">\n\t\t\t<div class=\"elementor-widget-wrap elementor-element-populated\">\n\t\t\t\t\t\t<section class=\"elementor-section elementor-inner-section elementor-element elementor-element-b8ff47d elementor-section-full_width elementor-section-content-middle elementor-section-height-default elementor-section-height-default\" data-id=\"b8ff47d\" data-element_type=\"section\" data-e-type=\"section\">\n\t\t\t\t\t\t<div class=\"elementor-container elementor-column-gap-wide\">\n\t\t\t\t\t<div class=\"elementor-column elementor-col-50 elementor-inner-column elementor-element elementor-element-4375d8a\" data-id=\"4375d8a\" data-element_type=\"column\" data-e-type=\"column\">\n\t\t\t<div class=\"elementor-widget-wrap elementor-element-populated\">\n\t\t\t\t\t\t<div class=\"elementor-element elementor-element-8a9cec5 elementor-widget elementor-widget-heading\" data-id=\"8a9cec5\" data-element_type=\"widget\" data-e-type=\"widget\" data-widget_type=\"heading.default\">\n\t\t\t\t<div class=\"elementor-widget-container\">\n\t\t\t\t\t<h3 class=\"elementor-heading-title elementor-size-default\">Villi vy\u00f6hyke ry<\/h3>\t\t\t\t<\/div>\n\t\t\t\t<\/div>\n\t\t\t\t\t<\/div>\n\t\t<\/div>\n\t\t\t\t<div class=\"elementor-column elementor-col-50 elementor-inner-column elementor-element elementor-element-854334f\" data-id=\"854334f\" data-element_type=\"column\" data-e-type=\"column\">\n\t\t\t<div class=\"elementor-widget-wrap elementor-element-populated\">\n\t\t\t\t\t\t<div class=\"elementor-element elementor-element-7dd24a3 elementor-widget elementor-widget-heading\" data-id=\"7dd24a3\" data-element_type=\"widget\" data-e-type=\"widget\" data-widget_type=\"heading.default\">\n\t\t\t\t<div class=\"elementor-widget-container\">\n\t\t\t\t\t<h2 class=\"elementor-heading-title elementor-size-default\">Biodiversiteetin ennallistamista ja suunnitelmallista vahvistamista<\/h2>\t\t\t\t<\/div>\n\t\t\t\t<\/div>\n\t\t\t\t<div class=\"elementor-element elementor-element-2efb6b9 elementor-widget__width-initial elementor-widget elementor-widget-text-editor\" data-id=\"2efb6b9\" data-element_type=\"widget\" data-e-type=\"widget\" data-widget_type=\"text-editor.default\">\n\t\t\t\t<div class=\"elementor-widget-container\">\n\t\t\t\t\t\t\t\t\t<p>Villi vy\u00f6hyke ry on vuonna 2013 Tampereella perustettu luonnonsuojeluyhdistys. Yhdistyksen tavoitteena on toteuttaa, kokeilla ja kehitt\u00e4\u00e4 uudenlaisia luonnonsuojelun, luonnonhoidon ja ekologisen ennallistamisen toimintatapoja. Yhdistyksen toiminnan kohteena ovat alueet, joiden luontoarvot ovat heikentyneet ihmisen toiminnan seurauksena, mutta joiden luontoa voi parantaa.<\/p><p>Yhdistyksen toiminnan strategiana on vaikuttaa luonnonsuojelupolitiikkaan tuottamalla alhaalta yl\u00f6s -tyyppisesti edustavia mallikohteita ja toimintamalleja, jotka ilment\u00e4v\u00e4t uudenlaisia ja toimivia tapoja toteuttaa luonnonsuojelua.<\/p>\t\t\t\t\t\t\t\t<\/div>\n\t\t\t\t<\/div>\n\t\t\t\t\t<\/div>\n\t\t<\/div>\n\t\t\t\t\t<\/div>\n\t\t<\/section>\n\t\t\t\t<div class=\"elementor-element elementor-element-2aeb8b6 elementor-widget elementor-widget-heading\" data-id=\"2aeb8b6\" data-element_type=\"widget\" data-e-type=\"widget\" data-widget_type=\"heading.default\">\n\t\t\t\t<div class=\"elementor-widget-container\">\n\t\t\t\t\t<h2 class=\"elementor-heading-title elementor-size-default\">Uusimmat<\/h2>\t\t\t\t<\/div>\n\t\t\t\t<\/div>\n\t\t\t\t<section class=\"elementor-section elementor-inner-section elementor-element elementor-element-dc1f7ec elementor-section-full_width elementor-section-height-default elementor-section-height-default\" data-id=\"dc1f7ec\" data-element_type=\"section\" data-e-type=\"section\">\n\t\t\t\t\t\t<div class=\"elementor-container elementor-column-gap-wide\">\n\t\t\t\t\t<div class=\"elementor-column elementor-col-100 elementor-inner-column elementor-element elementor-element-afe5f29\" data-id=\"afe5f29\" data-element_type=\"column\" data-e-type=\"column\">\n\t\t\t<div class=\"elementor-widget-wrap elementor-element-populated\">\n\t\t\t\t\t\t<div class=\"elementor-element elementor-element-34e28ef elementor-widget elementor-widget-he-news-module-eleven\" data-id=\"34e28ef\" data-element_type=\"widget\" data-e-type=\"widget\" data-widget_type=\"he-news-module-eleven.default\">\n\t\t\t\t<div class=\"elementor-widget-container\">\n\t\t\t\t\t        <div class=\"he-news-module-eleven\">\n                        <div class=\"he-grid-blocks\">\n                                    <div class=\"he-grid-block he-post-item\">\n                        <div class=\"he-grid-block-inner\">\n                            <div class=\"he-post-thumb\">\n                                <a href=\"https:\/\/www.villivyohyke.fi\/en\/skanssin-biodiversiteettipuisto\/\">\n                                    <div class=\"he-thumb-container\">\n                                                                                    <img decoding=\"async\" alt=\"Skanssin biodiversiteettipuisto, Turku\" src=\"https:\/\/www.villivyohyke.fi\/wp-content\/uploads\/2025\/03\/Skanssi-BDpark_Photo-Jere-Nieminen_633_Small-file-1-1024x683.jpg\">\n                                                                            <\/div>\n\n                                    <div class=\"he-post-content\">\n                                        <h3 class=\"he-post-title\">Skanssin biodiversiteettipuisto, Turku<\/h3>\n                                                                            <\/div>\n                                <\/a>\n                                                            <\/div>\n                        <\/div>\n                    <\/div>\n                                        <div class=\"he-grid-block he-post-item\">\n                        <div class=\"he-grid-block-inner\">\n                            <div class=\"he-post-thumb\">\n                                <a href=\"https:\/\/www.villivyohyke.fi\/en\/biodiversiteettipilotti-tehdasalueella-kemi\/\">\n                                    <div class=\"he-thumb-container\">\n                                                                                    <img decoding=\"async\" alt=\"Biodiversiteettipilotti tehdasalueella, Kemi\" src=\"https:\/\/www.villivyohyke.fi\/wp-content\/uploads\/2025\/02\/IMG_6575-1-1024x632.jpg\">\n                                                                            <\/div>\n\n                                    <div class=\"he-post-content\">\n                                        <h3 class=\"he-post-title\">Biodiversiteettipilotti tehdasalueella, Kemi<\/h3>\n                                                                            <\/div>\n                                <\/a>\n                                                            <\/div>\n                        <\/div>\n                    <\/div>\n                                        <div class=\"he-grid-block he-post-item\">\n                        <div class=\"he-grid-block-inner\">\n                            <div class=\"he-post-thumb\">\n                                <a href=\"https:\/\/www.villivyohyke.fi\/en\/liisanpuiston-keto-tampere\/\">\n                                    <div class=\"he-thumb-container\">\n                                                                                    <img decoding=\"async\" alt=\"Liisanpuiston keto, Tampere\" src=\"https:\/\/www.villivyohyke.fi\/wp-content\/uploads\/2024\/05\/kalevan-niityn-havainnekuva-1024x537.jpg\">\n                                                                            <\/div>\n\n                                    <div class=\"he-post-content\">\n                                        <h3 class=\"he-post-title\">Liisanpuiston keto, Tampere<\/h3>\n                                                                            <\/div>\n                                <\/a>\n                                                            <\/div>\n                        <\/div>\n                    <\/div>\n                                        <div class=\"he-grid-block he-post-item\">\n                        <div class=\"he-grid-block-inner\">\n                            <div class=\"he-post-thumb\">\n                                <a href=\"https:\/\/www.villivyohyke.fi\/en\/villanukulan-lisaamista-pikisaaressa\/\">\n                                    <div class=\"he-thumb-container\">\n                                                                                    <img decoding=\"async\" alt=\"Villarohtonukulan lis\u00e4\u00e4minen Pikisaaressa, Oulu\" src=\"https:\/\/www.villivyohyke.fi\/wp-content\/uploads\/2024\/04\/310125404_5492127567541903_4164746030235858512_n-e1716535123429-1024x683.jpg\">\n                                                                            <\/div>\n\n                                    <div class=\"he-post-content\">\n                                        <h3 class=\"he-post-title\">Villarohtonukulan lis\u00e4\u00e4minen Pikisaaressa, Oulu<\/h3>\n                                                                            <\/div>\n                                <\/a>\n                                                            <\/div>\n                        <\/div>\n                    <\/div>\n                                        <div class=\"he-grid-block he-post-item\">\n                        <div class=\"he-grid-block-inner\">\n                            <div class=\"he-post-thumb\">\n                                <a href=\"https:\/\/www.villivyohyke.fi\/en\/valkolehdokkien-siirtoistutukset\/\">\n                                    <div class=\"he-thumb-container\">\n                                                                                    <img decoding=\"async\" alt=\"Valkolehdokkien siirtoistutukset Tampereen Lahdesj\u00e4rvell\u00e4\" src=\"https:\/\/www.villivyohyke.fi\/wp-content\/uploads\/2024\/03\/Valkolehdokit_06Lofi-1024x683-1.jpg\">\n                                                                            <\/div>\n\n                                    <div class=\"he-post-content\">\n                                        <h3 class=\"he-post-title\">Valkolehdokkien siirtoistutukset Tampereen Lahdesj\u00e4rvell\u00e4<\/h3>\n                                                                            <\/div>\n                                <\/a>\n                                                            <\/div>\n                        <\/div>\n                    <\/div>\n                                        <div class=\"he-grid-block he-post-item\">\n                        <div class=\"he-grid-block-inner\">\n                            <div class=\"he-post-thumb\">\n                                <a href=\"https:\/\/www.villivyohyke.fi\/en\/multisillanpuisto\/\">\n                                    <div class=\"he-thumb-container\">\n                                                                                    <img decoding=\"async\" alt=\"Multisillanpuiston lahopuut, Tampere\" src=\"https:\/\/www.villivyohyke.fi\/wp-content\/uploads\/2024\/05\/Multisillanpuisto_lahopuut2-1024x681.jpg\">\n                                                                            <\/div>\n\n                                    <div class=\"he-post-content\">\n                                        <h3 class=\"he-post-title\">Multisillanpuiston lahopuut, Tampere<\/h3>\n                                                                            <\/div>\n                                <\/a>\n                                                            <\/div>\n                        <\/div>\n                    <\/div>\n                                <\/div>\n        <\/div>\n        \t\t\t\t<\/div>\n\t\t\t\t<\/div>\n\t\t\t\t\t<\/div>\n\t\t<\/div>\n\t\t\t\t\t<\/div>\n\t\t<\/section>\n\t\t\t\t\t<\/div>\n\t\t<\/div>\n\t\t\t\t\t<\/div>\n\t\t<\/section>\n\t\t\t\t<\/div>\n\t\t","protected":false},"excerpt":{"rendered":"<p>luonnonsuojeluyhdistys Villi vy\u00f6hyke ry Biodiversiteetin ennallistamista ja suunnitelmallista vahvistamista Villi vy\u00f6hyke ry on vuonna 2013 Tampereella perustettu luonnonsuojeluyhdistys. Yhdistyksen tavoitteena on toteuttaa, kokeilla ja kehitt\u00e4\u00e4 uudenlaisia luonnonsuojelun, luonnonhoidon ja ekologisen ennallistamisen toimintatapoja. Yhdistyksen toiminnan kohteena ovat alueet, joiden luontoarvot ovat heikentyneet ihmisen toiminnan seurauksena, mutta joiden luontoa voi parantaa. Yhdistyksen toiminnan strategiana on vaikuttaa luonnonsuojelupolitiikkaan [&hellip;]<\/p>\n","protected":false},"author":2,"featured_media":0,"parent":0,"menu_order":0,"comment_status":"closed","ping_status":"closed","template":"elementor_header_footer","meta":{"footnotes":""},"class_list":["post-8","page","type-page","status-publish","hentry"],"featured_image_src":false,"featured_image_src_square":false,"rbea_author_info":{"display_name":"vvv3-jukka-admin","author_link":"https:\/\/www.villivyohyke.fi\/en\/author\/vvv3-jukka-admin\/"},"rbea_excerpt_info":"luonnonsuojeluyhdistys Villi vy\u00f6hyke ry Biodiversiteetin ennallistamista ja suunnitelmallista vahvistamista Villi vy\u00f6hyke ry on vuonna 2013 Tampereella perustettu luonnonsuojeluyhdistys. Yhdistyksen tavoitteena on toteuttaa, kokeilla ja kehitt\u00e4\u00e4 uudenlaisia luonnonsuojelun, luonnonhoidon ja ekologisen ennallistamisen toimintatapoja. Yhdistyksen toiminnan kohteena ovat alueet, joiden luontoarvot ovat heikentyneet ihmisen toiminnan seurauksena, mutta joiden luontoa voi parantaa. Yhdistyksen toiminnan strategiana on vaikuttaa luonnonsuojelupolitiikkaan [&hellip;]","_links":{"self":[{"href":"https:\/\/www.villivyohyke.fi\/en\/wp-json\/wp\/v2\/pages\/8","targetHints":{"allow":["GET"]}}],"collection":[{"href":"https:\/\/www.villivyohyke.fi\/en\/wp-json\/wp\/v2\/pages"}],"about":[{"href":"https:\/\/www.villivyohyke.fi\/en\/wp-json\/wp\/v2\/types\/page"}],"author":[{"embeddable":true,"href":"https:\/\/www.villivyohyke.fi\/en\/wp-json\/wp\/v2\/users\/2"}],"replies":[{"embeddable":true,"href":"https:\/\/www.villivyohyke.fi\/en\/wp-json\/wp\/v2\/comments?post=8"}],"version-history":[{"count":145,"href":"https:\/\/www.villivyohyke.fi\/en\/wp-json\/wp\/v2\/pages\/8\/revisions"}],"predecessor-version":[{"id":6367,"href":"https:\/\/www.villivyohyke.fi\/en\/wp-json\/wp\/v2\/pages\/8\/revisions\/6367"}],"wp:attachment":[{"href":"https:\/\/www.villivyohyke.fi\/en\/wp-json\/wp\/v2\/media?parent=8"}],"curies":[{"name":"wp","href":"https:\/\/api.w.org\/{rel}","templated":true}]}}