{"id":1399,"date":"2024-02-05T16:46:24","date_gmt":"2024-02-05T14:46:24","guid":{"rendered":"https:\/\/vvv3.louhi.pro\/?page_id=1399"},"modified":"2025-02-27T13:48:39","modified_gmt":"2025-02-27T11:48:39","slug":"sissiniityt","status":"publish","type":"page","link":"https:\/\/www.villivyohyke.fi\/en\/sissiniityt\/","title":{"rendered":"Guerrilla meadows"},"content":{"rendered":"<div data-elementor-type=\"wp-page\" data-elementor-id=\"1399\" class=\"elementor elementor-1399\">\n\t\t\t\t\t\t<section class=\"elementor-section elementor-top-section elementor-element elementor-element-5b3d4e92 elementor-section-boxed elementor-section-height-default elementor-section-height-default\" data-id=\"5b3d4e92\" data-element_type=\"section\" data-e-type=\"section\">\n\t\t\t\t\t\t<div class=\"elementor-container elementor-column-gap-default\">\n\t\t\t\t\t<div class=\"elementor-column elementor-col-100 elementor-top-column elementor-element elementor-element-759b3b49\" data-id=\"759b3b49\" data-element_type=\"column\" data-e-type=\"column\">\n\t\t\t<div class=\"elementor-widget-wrap elementor-element-populated\">\n\t\t\t\t\t\t<div class=\"elementor-element elementor-element-378860b5 elementor-widget elementor-widget-text-editor\" data-id=\"378860b5\" data-element_type=\"widget\" data-e-type=\"widget\" data-widget_type=\"text-editor.default\">\n\t\t\t\t<div class=\"elementor-widget-container\">\n\t\t\t\t\t\t\t\t\t\n<figure class=\"wp-block-image size-full\"><img fetchpriority=\"high\" decoding=\"async\" width=\"2560\" height=\"1707\" src=\"https:\/\/vvv3.louhi.pro\/wp-content\/uploads\/2024\/02\/20190619-DSC_7138_00009-scaled.jpg\" alt=\"Kukkia sillan alla\" class=\"wp-image-1400\" srcset=\"https:\/\/www.villivyohyke.fi\/wp-content\/uploads\/2024\/02\/20190619-DSC_7138_00009-scaled.jpg 2560w, https:\/\/www.villivyohyke.fi\/wp-content\/uploads\/2024\/02\/20190619-DSC_7138_00009-300x200.jpg 300w\" sizes=\"(max-width: 2560px) 100vw, 2560px\" \/><\/figure>\n\n\n\n<p><\/p>\n\n\n\n<p>Yhdistyksen alkuaikoina huomattava osa toiminnasta oli sit\u00e4, ett\u00e4 j\u00e4senet huomasivat paikkoja ymp\u00e4rist\u00f6ss\u00e4\u00e4n, jotka eiv\u00e4t t\u00e4ytt\u00e4neet biodiversiteetin tahi esteettisyyden n\u00e4k\u00f6kulmasta l\u00e4hesk\u00e4\u00e4n koko potentiaaliaan. J\u00e4senet ker\u00e4siv\u00e4t itse siemeni\u00e4, ja alkuvaiheessa l\u00e4hinn\u00e4 kotimaisia niittysiemensekoituksia my\u00f6s ostettiin, kun ajateltiin kotimaisuuden riitt\u00e4v\u00e4n &#8212; t\u00e4t\u00e4 nyky\u00e4 yhdistykselle on hyvin t\u00e4rke\u00e4\u00e4 suosia nimenomaan paikallisia kantoja ja dokumentoida tarkkaan siementen alkuper\u00e4, sek\u00e4 my\u00f6s mihin kaikkialle yhdistys niit\u00e4 kylv\u00e4\u00e4. <\/p>\n\t\t\t\t\t\t\t\t<\/div>\n\t\t\t\t<\/div>\n\t\t\t\t\t<\/div>\n\t\t<\/div>\n\t\t\t\t\t<\/div>\n\t\t<\/section>\n\t\t\t\t<section class=\"elementor-section elementor-top-section elementor-element elementor-element-090633f elementor-section-boxed elementor-section-height-default elementor-section-height-default\" data-id=\"090633f\" data-element_type=\"section\" data-e-type=\"section\">\n\t\t\t\t\t\t<div class=\"elementor-container elementor-column-gap-default\">\n\t\t\t\t\t<div class=\"elementor-column elementor-col-33 elementor-top-column elementor-element elementor-element-7a51a8e\" data-id=\"7a51a8e\" data-element_type=\"column\" data-e-type=\"column\">\n\t\t\t<div class=\"elementor-widget-wrap elementor-element-populated\">\n\t\t\t\t\t\t<div class=\"elementor-element elementor-element-393edfc elementor-widget elementor-widget-image\" data-id=\"393edfc\" data-element_type=\"widget\" data-e-type=\"widget\" data-widget_type=\"image.default\">\n\t\t\t\t<div class=\"elementor-widget-container\">\n\t\t\t\t\t\t\t\t\t\t\t\t<figure class=\"wp-caption\">\n\t\t\t\t\t\t\t\t\t\t<img decoding=\"async\" width=\"640\" height=\"427\" src=\"https:\/\/www.villivyohyke.fi\/wp-content\/uploads\/2024\/02\/20200624-DSC_6749_pien-1024x683.jpg\" class=\"attachment-large size-large wp-image-1406\" alt=\"pieni paahteinen rinne, kuvan keskell\u00e4 kirkkaan aniliininpunaisia ketoneilikoita\" srcset=\"https:\/\/www.villivyohyke.fi\/wp-content\/uploads\/2024\/02\/20200624-DSC_6749_pien-1024x683.jpg 1024w, https:\/\/www.villivyohyke.fi\/wp-content\/uploads\/2024\/02\/20200624-DSC_6749_pien-300x200.jpg 300w, https:\/\/www.villivyohyke.fi\/wp-content\/uploads\/2024\/02\/20200624-DSC_6749_pien-768x512.jpg 768w, https:\/\/www.villivyohyke.fi\/wp-content\/uploads\/2024\/02\/20200624-DSC_6749_pien-1536x1024.jpg 1536w, https:\/\/www.villivyohyke.fi\/wp-content\/uploads\/2024\/02\/20200624-DSC_6749_pien-2048x1366.jpg 2048w\" sizes=\"(max-width: 640px) 100vw, 640px\" \/>\t\t\t\t\t\t\t\t\t\t\t<figcaption class=\"widget-image-caption wp-caption-text\">Hikivuorenkadun sissiniitty<\/figcaption>\n\t\t\t\t\t\t\t\t\t\t<\/figure>\n\t\t\t\t\t\t\t\t\t<\/div>\n\t\t\t\t<\/div>\n\t\t\t\t\t<\/div>\n\t\t<\/div>\n\t\t\t\t<div class=\"elementor-column elementor-col-33 elementor-top-column elementor-element elementor-element-1ad9b64\" data-id=\"1ad9b64\" data-element_type=\"column\" data-e-type=\"column\">\n\t\t\t<div class=\"elementor-widget-wrap elementor-element-populated\">\n\t\t\t\t\t\t<div class=\"elementor-element elementor-element-c2cc967 elementor-widget elementor-widget-image\" data-id=\"c2cc967\" data-element_type=\"widget\" data-e-type=\"widget\" data-widget_type=\"image.default\">\n\t\t\t\t<div class=\"elementor-widget-container\">\n\t\t\t\t\t\t\t\t\t\t\t\t<figure class=\"wp-caption\">\n\t\t\t\t\t\t\t\t\t\t\t<a href=\"https:\/\/www.villivyohyke.fi\/en\/2024\/02\/02\/ratapihankadun-sissiniitty\/\">\n\t\t\t\t\t\t\t<img decoding=\"async\" width=\"640\" height=\"426\" src=\"https:\/\/www.villivyohyke.fi\/wp-content\/uploads\/2024\/02\/DSC_2846_pien-1024x682.jpg\" class=\"attachment-large size-large wp-image-1407\" alt=\"\" srcset=\"https:\/\/www.villivyohyke.fi\/wp-content\/uploads\/2024\/02\/DSC_2846_pien-1024x682.jpg 1024w, https:\/\/www.villivyohyke.fi\/wp-content\/uploads\/2024\/02\/DSC_2846_pien-300x200.jpg 300w, https:\/\/www.villivyohyke.fi\/wp-content\/uploads\/2024\/02\/DSC_2846_pien-768x512.jpg 768w, https:\/\/www.villivyohyke.fi\/wp-content\/uploads\/2024\/02\/DSC_2846_pien-1536x1024.jpg 1536w, https:\/\/www.villivyohyke.fi\/wp-content\/uploads\/2024\/02\/DSC_2846_pien-2048x1365.jpg 2048w\" sizes=\"(max-width: 640px) 100vw, 640px\" \/>\t\t\t\t\t\t\t\t<\/a>\n\t\t\t\t\t\t\t\t\t\t\t<figcaption class=\"widget-image-caption wp-caption-text\">Ratapihankadun sissiniitty ennen kylv\u00f6j\u00e4<\/figcaption>\n\t\t\t\t\t\t\t\t\t\t<\/figure>\n\t\t\t\t\t\t\t\t\t<\/div>\n\t\t\t\t<\/div>\n\t\t\t\t\t<\/div>\n\t\t<\/div>\n\t\t\t\t<div class=\"elementor-column elementor-col-33 elementor-top-column elementor-element elementor-element-2349b47\" data-id=\"2349b47\" data-element_type=\"column\" data-e-type=\"column\">\n\t\t\t<div class=\"elementor-widget-wrap elementor-element-populated\">\n\t\t\t\t\t\t<div class=\"elementor-element elementor-element-d7f64aa elementor-widget elementor-widget-image\" data-id=\"d7f64aa\" data-element_type=\"widget\" data-e-type=\"widget\" data-widget_type=\"image.default\">\n\t\t\t\t<div class=\"elementor-widget-container\">\n\t\t\t\t\t\t\t\t\t\t\t\t<figure class=\"wp-caption\">\n\t\t\t\t\t\t\t\t\t\t<img loading=\"lazy\" decoding=\"async\" width=\"640\" height=\"427\" src=\"https:\/\/www.villivyohyke.fi\/wp-content\/uploads\/2024\/02\/20180606-DSC_5178_pien-1024x683.jpg\" class=\"attachment-large size-large wp-image-1436\" alt=\"\" srcset=\"https:\/\/www.villivyohyke.fi\/wp-content\/uploads\/2024\/02\/20180606-DSC_5178_pien-1024x683.jpg 1024w, https:\/\/www.villivyohyke.fi\/wp-content\/uploads\/2024\/02\/20180606-DSC_5178_pien-300x200.jpg 300w, https:\/\/www.villivyohyke.fi\/wp-content\/uploads\/2024\/02\/20180606-DSC_5178_pien-768x512.jpg 768w, https:\/\/www.villivyohyke.fi\/wp-content\/uploads\/2024\/02\/20180606-DSC_5178_pien-1536x1024.jpg 1536w, https:\/\/www.villivyohyke.fi\/wp-content\/uploads\/2024\/02\/20180606-DSC_5178_pien-2048x1366.jpg 2048w\" sizes=\"(max-width: 640px) 100vw, 640px\" \/>\t\t\t\t\t\t\t\t\t\t\t<figcaption class=\"widget-image-caption wp-caption-text\">Mets\u00e4apiloita Messukyl\u00e4n sissiniityll\u00e4<\/figcaption>\n\t\t\t\t\t\t\t\t\t\t<\/figure>\n\t\t\t\t\t\t\t\t\t<\/div>\n\t\t\t\t<\/div>\n\t\t\t\t\t<\/div>\n\t\t<\/div>\n\t\t\t\t\t<\/div>\n\t\t<\/section>\n\t\t\t\t<\/div>","protected":false},"excerpt":{"rendered":"<p>Yhdistyksen alkuaikoina huomattava osa toiminnasta oli sit\u00e4, ett\u00e4 j\u00e4senet huomasivat paikkoja ymp\u00e4rist\u00f6ss\u00e4\u00e4n, jotka eiv\u00e4t t\u00e4ytt\u00e4neet biodiversiteetin tahi esteettisyyden n\u00e4k\u00f6kulmasta l\u00e4hesk\u00e4\u00e4n koko potentiaaliaan. J\u00e4senet ker\u00e4siv\u00e4t itse siemeni\u00e4, ja alkuvaiheessa l\u00e4hinn\u00e4 kotimaisia niittysiemensekoituksia my\u00f6s ostettiin, kun ajateltiin kotimaisuuden riitt\u00e4v\u00e4n &#8212; t\u00e4t\u00e4 nyky\u00e4 yhdistykselle on hyvin t\u00e4rke\u00e4\u00e4 suosia nimenomaan paikallisia kantoja ja dokumentoida tarkkaan siementen alkuper\u00e4, sek\u00e4 my\u00f6s [&hellip;]<\/p>\n","protected":false},"author":4,"featured_media":0,"parent":0,"menu_order":0,"comment_status":"closed","ping_status":"closed","template":"","meta":{"footnotes":""},"class_list":["post-1399","page","type-page","status-publish","hentry"],"featured_image_src":false,"featured_image_src_square":false,"rbea_author_info":{"display_name":"emmi","author_link":"https:\/\/www.villivyohyke.fi\/en\/author\/emmi\/"},"rbea_excerpt_info":"Yhdistyksen alkuaikoina huomattava osa toiminnasta oli sit\u00e4, ett\u00e4 j\u00e4senet huomasivat paikkoja ymp\u00e4rist\u00f6ss\u00e4\u00e4n, jotka eiv\u00e4t t\u00e4ytt\u00e4neet biodiversiteetin tahi esteettisyyden n\u00e4k\u00f6kulmasta l\u00e4hesk\u00e4\u00e4n koko potentiaaliaan. J\u00e4senet ker\u00e4siv\u00e4t itse siemeni\u00e4, ja alkuvaiheessa l\u00e4hinn\u00e4 kotimaisia niittysiemensekoituksia my\u00f6s ostettiin, kun ajateltiin kotimaisuuden riitt\u00e4v\u00e4n &#8212; t\u00e4t\u00e4 nyky\u00e4 yhdistykselle on hyvin t\u00e4rke\u00e4\u00e4 suosia nimenomaan paikallisia kantoja ja dokumentoida tarkkaan siementen alkuper\u00e4, sek\u00e4 my\u00f6s [&hellip;]","_links":{"self":[{"href":"https:\/\/www.villivyohyke.fi\/en\/wp-json\/wp\/v2\/pages\/1399","targetHints":{"allow":["GET"]}}],"collection":[{"href":"https:\/\/www.villivyohyke.fi\/en\/wp-json\/wp\/v2\/pages"}],"about":[{"href":"https:\/\/www.villivyohyke.fi\/en\/wp-json\/wp\/v2\/types\/page"}],"author":[{"embeddable":true,"href":"https:\/\/www.villivyohyke.fi\/en\/wp-json\/wp\/v2\/users\/4"}],"replies":[{"embeddable":true,"href":"https:\/\/www.villivyohyke.fi\/en\/wp-json\/wp\/v2\/comments?post=1399"}],"version-history":[{"count":13,"href":"https:\/\/www.villivyohyke.fi\/en\/wp-json\/wp\/v2\/pages\/1399\/revisions"}],"predecessor-version":[{"id":5960,"href":"https:\/\/www.villivyohyke.fi\/en\/wp-json\/wp\/v2\/pages\/1399\/revisions\/5960"}],"wp:attachment":[{"href":"https:\/\/www.villivyohyke.fi\/en\/wp-json\/wp\/v2\/media?parent=1399"}],"curies":[{"name":"wp","href":"https:\/\/api.w.org\/{rel}","templated":true}]}}